{"id":30,"date":"2014-02-03T22:03:33","date_gmt":"2014-02-03T20:03:33","guid":{"rendered":"http:\/\/wordpress.acb-online.com\/?page_id=30"},"modified":"2014-02-03T22:03:33","modified_gmt":"2014-02-03T20:03:33","slug":"geschichte","status":"publish","type":"page","link":"https:\/\/www.acb-online.com\/?page_id=30","title":{"rendered":"Geschichte"},"content":{"rendered":"\n<table id=\"tablepress-3\" class=\"tablepress tablepress-id-3\">\n<thead>\n<tr class=\"row-1\">\n\t<th class=\"column-1\">Datum<\/th><th class=\"column-2\">Ereignis<\/th>\n<\/tr>\n<\/thead>\n<tbody class=\"row-striping row-hover\">\n<tr class=\"row-2\">\n\t<td class=\"column-1\">16.06.1967<\/td><td class=\"column-2\">Bestellung der heutigen Stahlleichtbauhalle H.18-1 Sta beim VEB Stahlbau Plauen(Vogtland).<\/td>\n<\/tr>\n<tr class=\"row-3\">\n\t<td class=\"column-1\">1969<\/td><td class=\"column-2\">Fertigstellung der Halle 24 x 54m durch das VE Industriekombinat Magdeburg.<\/td>\n<\/tr>\n<tr class=\"row-4\">\n\t<td class=\"column-1\">21.08.1980<\/td><td class=\"column-2\">Einbau des Eintr\u00e4ger-Br\u00fccken-Kran 3,2t x 22m, Flurbedienung. Der Investitionsauftraggeber war der VEB Kreisbetrieb f\u00fcr Landtechnik<br \/>\nWernigerode, Sitz Blankenburg\/Harz.<\/td>\n<\/tr>\n<tr class=\"row-5\">\n\t<td class=\"column-1\">1989<\/td><td class=\"column-2\">Im Zuge der Privatisierung wurde dieser Betrieb in eine Landtechnik Metallbau GmbH umgewandelt.<\/td>\n<\/tr>\n<tr class=\"row-6\">\n\t<td class=\"column-1\">10.09.1990<\/td><td class=\"column-2\">Einer der ersten Vertr\u00e4ge waren der Werkstattvertrag mit der IVECO Magirus AG, D-7900 Ulm.<\/td>\n<\/tr>\n<tr class=\"row-7\">\n\t<td class=\"column-1\">18.01.1991<\/td><td class=\"column-2\">Der Stundenverrechnungssatz von 30,-DM  soll mit Einf\u00fchrung des neuen Manteltarifvertrages auf 47,-DM angehoben werden.<\/td>\n<\/tr>\n<tr class=\"row-8\">\n\t<td class=\"column-1\">31.12.1991<\/td><td class=\"column-2\">Der erste Ersatzteileumsatz mit der IVECO-Niederlassung Hannover betr\u00e4gt 88.316,71 DM<\/td>\n<\/tr>\n<tr class=\"row-9\">\n\t<td class=\"column-1\">26.05.1992<\/td><td class=\"column-2\">Die Landtechnik Metallbau GmbH befindet sich aus treuhandtechnischen Gr\u00fcnden in Liquidation. Es sollen entsprechend den vorhandenen Fachbereichen mehrere neue Betriebe entstehen.<\/td>\n<\/tr>\n<tr class=\"row-10\">\n\t<td class=\"column-1\">10.09.1992<\/td><td class=\"column-2\">Das war die Geburtsstunde der Autocenter GmbH Blankenburg. Die<br \/>\nersten B\u00fcro-und Verkaufsr\u00e4ume wurden im Hauptgeb\u00e4ude der heutigen<br \/>\nSpielothek untergebracht. Mehrere Gesch\u00e4ftsf\u00fchrer wurden in dieser Zeit<br \/>\nbestellt. Unter deren Regie entstand auch das kleine FIAT- Autohaus.<\/td>\n<\/tr>\n<tr class=\"row-11\">\n\t<td class=\"column-1\">21.04.1997<\/td><td class=\"column-2\">An diesem Tag wurde das junge Unternehmen an einen Blankenburger Investor verkauft. 19 Mitarbeiter wurden besch\u00e4ftigt<\/td>\n<\/tr>\n<tr class=\"row-12\">\n\t<td class=\"column-1\">1998<\/td><td class=\"column-2\">Seit dem wird in der Werkstatt wieder zielgerichtet investiert. Es folgten die komplette Umgestaltung der Kundenannahme, des Ersatzteillagers, der B\u00fcror\u00e4ume.<\/td>\n<\/tr>\n<tr class=\"row-13\">\n\t<td class=\"column-1\">1999<\/td><td class=\"column-2\">Das Investitionsvolumen f\u00fcr Maschinen und Ger\u00e4te in der Werkstatt betr\u00e4gt f\u00fcr die folgenden 5 Jahre, 200.000,- Euro.<\/td>\n<\/tr>\n<tr class=\"row-14\">\n\t<td class=\"column-1\">31.12.2000<\/td><td class=\"column-2\">Mit umsichtiger Gesch\u00e4ftsf\u00fchrung wurden die letzten 3 Jahre gemeistert.<\/td>\n<\/tr>\n<tr class=\"row-15\">\n\t<td class=\"column-1\">2004<\/td><td class=\"column-2\">Die Arbeiten am Au\u00dfenbereich begannen. In diesem Zusammenhang wurden f\u00fcr die zunehmende Kundenanzahl neue LKW, PKW-Parkpl\u00e4tze und Caravanstellpl\u00e4tze geschaffen.<\/td>\n<\/tr>\n<tr class=\"row-16\">\n\t<td class=\"column-1\">04.10.2004<\/td><td class=\"column-2\">Das ACB hat den Transporter Service Exlusivvertrag von Fiat.<\/td>\n<\/tr>\n<tr class=\"row-17\">\n\t<td class=\"column-1\">01.01.2005<\/td><td class=\"column-2\">Seviceerweiterung durch die Schaffung einer Nutzfahrzeugvermietung.<\/td>\n<\/tr>\n<tr class=\"row-18\">\n\t<td class=\"column-1\">09.03.2005<\/td><td class=\"column-2\">F\u00fcr den vorl\u00e4ufigen H\u00f6hepunkt steht die Zertifizierung. Damit unterstreichen Unabh\u00e4ngige der DEKRA den hohen Qualit\u00e4tsstandard des Unternehmens.<\/td>\n<\/tr>\n<tr class=\"row-19\">\n\t<td class=\"column-1\">01.05.2006<\/td><td class=\"column-2\">Einer der modernsten Fahrzeugpr\u00fcfstra\u00dfen wurde f\u00fcr die Betreuung digitaler Tachografen erweitert.<\/td>\n<\/tr>\n<tr class=\"row-20\">\n\t<td class=\"column-1\">2006<\/td><td class=\"column-2\">Mit dem vorl\u00e4ufigen Abschlu\u00df der Arbeiten im Au\u00dfenbereich erhielt die Werkhalle eine schicke Fassade und neue Toreinfahrten. Diese entsprechen neuester Energie-und Umweltbestimmungen.<\/td>\n<\/tr>\n<tr class=\"row-21\">\n\t<td class=\"column-1\">2007<\/td><td class=\"column-2\">Auch auf dem Dach wird aus Licht Strom produziert.<\/td>\n<\/tr>\n<tr class=\"row-22\">\n\t<td class=\"column-1\">2008<\/td><td class=\"column-2\">Es folgen Erneuerungen im K\u00fcchen, B\u00fcro und Sanit\u00e4rbereich.<\/td>\n<\/tr>\n<tr class=\"row-23\">\n\t<td class=\"column-1\">30.09.2009<\/td><td class=\"column-2\">Die Bilanz 2008 ist sehr positiv. Entsprechend wurde dem Gesch\u00e4ftsf\u00fchrer Entlastung erteilt.<\/td>\n<\/tr>\n<tr class=\"row-24\">\n\t<td class=\"column-1\">2010<\/td><td class=\"column-2\">Die Unterst\u00fctzung f\u00fcr den vom ACB finanzierten 15. IVECO-CUP 2010 der Blankenburger Volleyballfreunde e.V. ist ein Sporth\u00f6hepunkt.<\/td>\n<\/tr>\n<tr class=\"row-25\">\n\t<td class=\"column-1\">01.02.2012<\/td><td class=\"column-2\">Der Diagnosest\u00fctzpunkt PKW wurde f\u00fcr alle PKW-Fahrzeugtypen grundlegend<br \/>\nerneuert und wird zuk\u00fcnftig durch eine professionelle Servicehotline<br \/>\nbetreut.<\/td>\n<\/tr>\n<tr class=\"row-26\">\n\t<td class=\"column-1\">September 2012<\/td><td class=\"column-2\">Blankenburg feiert 800 Jahre<br \/>\nACB wird 20 Jahre <\/td>\n<\/tr>\n<tr class=\"row-27\">\n\t<td class=\"column-1\">2013<\/td><td class=\"column-2\">Am 28.10. bricht die neue Fassade des Ostgiebels bei einem Wirbelsturm aus ihrer Halterung heraus. Gro\u00dfen Dank f\u00fcr die schnelle Hilfe durch unseren Nachbarn, EBAG und der Blankenburger Feuerwehr.<\/td>\n<\/tr>\n<tr class=\"row-28\">\n\t<td class=\"column-1\">2014<\/td><td class=\"column-2\">Unser Diagnosespezialist hat vor einem h\u00f6heren Gremium die Pr\u00fcfung bestanden.<\/td>\n<\/tr>\n<tr class=\"row-29\">\n\t<td class=\"column-1\">M\u00e4rz 2016<\/td><td class=\"column-2\">Die Ausf\u00fchrungen f\u00fcr eine neue Hof-Sanierung sind abgeschlossen.<br \/>\nF\u00fcr die Service Qualit\u00e4t sorgen jetzt zwei Karosserie Meister. Ein weiterer junger Diagnosespezialist ist in 3 j\u00e4hriger Ausbildung.<br \/>\n<\/td>\n<\/tr>\n<tr class=\"row-30\">\n\t<td class=\"column-1\">2017<\/td><td class=\"column-2\">Die ISO wurde auf 9001:2015 erweitert.<br \/>\nDie Pr\u00fcfung f\u00fcr die IVECO Standads wurde erfolgreich bestanden.<br \/>\nDas Unternehmen hat am 10.09. seinen 25. Geburtstag.<br \/>\nACB \u00fcbernimmt ein neues Gesch\u00e4ftsfeld. Den Service f\u00fcr ATLAS- und FASSI Ladekran-, Produkte.<\/td>\n<\/tr>\n<tr class=\"row-31\">\n\t<td class=\"column-1\">M\u00e4rz 2021<\/td><td class=\"column-2\">Die Kundenannahme gestaltete ein bekannter Innenarchitekt. <br \/>\nWir sind ab jetzt HIAB MULTILIFT Servicepartner.<\/td>\n<\/tr>\n<tr class=\"row-32\">\n\t<td class=\"column-1\">2022<\/td><td class=\"column-2\">ACB ist Vertragswerkstatt f\u00fcr AEBI- Schmidt Fahrzeuge im Harzkreis.<br \/>\nEin Gro\u00dfauftrag f\u00fcr IVECO, RAPID und REWE wird angefangen.<\/td>\n<\/tr>\n<tr class=\"row-33\">\n\t<td class=\"column-1\">Oktober 2023<\/td><td class=\"column-2\">Jetzt wird IVECO elektrisch. Unsere Vorbereitungen zur Elektromobilit\u00e4t laufen. Unsere Schulungen werden neu ausgerichtet. <\/td>\n<\/tr>\n<tr class=\"row-34\">\n\t<td class=\"column-1\">06.11.2023<\/td><td class=\"column-2\">Der 37 j\u00e4hrige, Danny Halm, Meister des  Kraftfahrzeugtechniker- Handwerk, \u00fcbernimmt die Gesellschaft. Ein zukunftsweisender Tag f\u00fcr das ACB.   <\/td>\n<\/tr>\n<tr class=\"row-35\">\n\t<td class=\"column-1\">2024 <\/td><td class=\"column-2\">ACB wurde TOP Ausbilder in Sachsen Anhalt <\/td>\n<\/tr>\n<\/tbody>\n<\/table>\n<!-- #tablepress-3 from cache -->\n","protected":false},"excerpt":{"rendered":"<p class=\"continue-reading-button\"> <a class=\"continue-reading-link\" href=\"https:\/\/www.acb-online.com\/?page_id=30\">Continue reading<i class=\"crycon-right-dir\"><\/i><\/a><\/p>\n","protected":false},"author":1,"featured_media":0,"parent":27,"menu_order":0,"comment_status":"closed","ping_status":"closed","template":"","meta":{"footnotes":""},"class_list":["post-30","page","type-page","status-publish","hentry"],"_links":{"self":[{"href":"https:\/\/www.acb-online.com\/index.php?rest_route=\/wp\/v2\/pages\/30","targetHints":{"allow":["GET"]}}],"collection":[{"href":"https:\/\/www.acb-online.com\/index.php?rest_route=\/wp\/v2\/pages"}],"about":[{"href":"https:\/\/www.acb-online.com\/index.php?rest_route=\/wp\/v2\/types\/page"}],"author":[{"embeddable":true,"href":"https:\/\/www.acb-online.com\/index.php?rest_route=\/wp\/v2\/users\/1"}],"replies":[{"embeddable":true,"href":"https:\/\/www.acb-online.com\/index.php?rest_route=%2Fwp%2Fv2%2Fcomments&post=30"}],"version-history":[{"count":1,"href":"https:\/\/www.acb-online.com\/index.php?rest_route=\/wp\/v2\/pages\/30\/revisions"}],"predecessor-version":[{"id":31,"href":"https:\/\/www.acb-online.com\/index.php?rest_route=\/wp\/v2\/pages\/30\/revisions\/31"}],"up":[{"embeddable":true,"href":"https:\/\/www.acb-online.com\/index.php?rest_route=\/wp\/v2\/pages\/27"}],"wp:attachment":[{"href":"https:\/\/www.acb-online.com\/index.php?rest_route=%2Fwp%2Fv2%2Fmedia&parent=30"}],"curies":[{"name":"wp","href":"https:\/\/api.w.org\/{rel}","templated":true}]}}